{"id":8371,"date":"2023-09-18T10:14:51","date_gmt":"2023-09-18T10:14:51","guid":{"rendered":"https:\/\/embalajesseleccion.com\/cookie-policy\/"},"modified":"2023-12-14T10:51:02","modified_gmt":"2023-12-14T10:51:02","slug":"cookie-policy","status":"publish","type":"page","link":"https:\/\/embalajesseleccion.com\/en\/cookie-policy\/","title":{"rendered":"Cookie Policy"},"content":{"rendered":"\t\t<div data-elementor-type=\"wp-page\" data-elementor-id=\"8371\" class=\"elementor elementor-8371\" data-elementor-post-type=\"page\">\n\t\t\t\t<div class=\"elementor-element elementor-element-d364eaf e-flex e-con-boxed e-con e-parent\" data-id=\"d364eaf\" data-element_type=\"container\" data-e-type=\"container\">\n\t\t\t\t\t<div class=\"e-con-inner\">\n\t\t\t\t<div class=\"elementor-element elementor-element-a54bab7 elementor-widget elementor-widget-text-editor\" data-id=\"a54bab7\" data-element_type=\"widget\" data-e-type=\"widget\" data-widget_type=\"text-editor.default\">\n\t\t\t\t<div class=\"elementor-widget-container\">\n\t\t\t\t\t\t\t\t\t<p><strong>QU\u00c9 SON LAS COOKIES Y PARA QU\u00c9 SE UTILIZAN:\u00a0<\/strong><\/p><p>Las cookies son archivos o dispositivos que se descargan en el equipo de un usuario al navegar en un sitio web.\u00a0<\/p><p>Las cookies son herramientas que tienen un papel esencial para la prestaci\u00f3n de numerosos servicios de la sociedad de la informaci\u00f3n, ya que facilitan la navegaci\u00f3n por internet, concentran la mayor inversi\u00f3n publicitaria y ofrecen una publicidad basada en ocasiones en los h\u00e1bitos de navegaci\u00f3n.<\/p><p><strong>TIPOS DE COOKIES QUE UTILIZAMOS EN ESTA WEB:<\/strong><\/p><p>\u2013\u00a0\u00a0\u00a0\u00a0\u00a0\u00a0\u00a0\u00a0\u00a0\u00a0Cookies propias: Son aquellas que enviamos al equipo del usuario desde un equipo o dominio gestionado por\u00a0<strong>EMBALAJES SELECCI\u00d3N, S.A.\u00a0<\/strong>y desde el que se presta el servicio solicitado por el usuario.\u00a0<\/p><p>\u2013\u00a0\u00a0\u00a0\u00a0\u00a0\u00a0\u00a0\u00a0\u00a0\u00a0Cookies de sesi\u00f3n: Son aquellas dise\u00f1adas para recabar y almacenar datos mientras el usuario accede a la p\u00e1gina web.\u00a0<\/p><p>\u2013\u00a0\u00a0\u00a0\u00a0\u00a0\u00a0\u00a0\u00a0\u00a0\u00a0Cookies t\u00e9cnicas: Son aquellas que permiten al usuario la navegaci\u00f3n a trav\u00e9s de una p\u00e1gina web, plataforma o aplicaci\u00f3n y la utilizaci\u00f3n de las diferentes opciones o servicios que en ella existan.\u00a0<\/p><p><strong>ACEPTACI\u00d3N DE COOKIES\u00a0<\/strong><\/p><p>\u2013 Si pulsa el bot\u00f3n \u201cAceptar pol\u00edtica de cookies\u201d situado en la parte inferior que aparece en el presente aviso, relativo a informaci\u00f3n y aceptaci\u00f3n de cookies, estar\u00e1 aceptando la instalaci\u00f3n de las cookies referenciadas en su equipo.\u00a0<\/p><p>\u2013 Si no pulsa el bot\u00f3n \u201cAceptar pol\u00edtica de cookies\u201d o si pulsa el bot\u00f3n \u201cRechazar pol\u00edtica de cookies\u201d situados en la parte inferior que aparece en el presente aviso, es posible que no pueda acceder al espacio web o que no le sea posible la utilizaci\u00f3n total o parcial del servicio por lo que, si se da esta circunstancia, le ofrecemos como alternativa el acceso al servicio que requiera mediante correo electr\u00f3nico dirigido a la siguiente direcci\u00f3n:\u00a0\u00a0<a href=\"mailto:leire@embalajesseleccion.com\">leire@embalajesseleccion.com<\/a><\/p><p>Los datos que incluya en el correspondiente correo electr\u00f3nico se tratar\u00e1n por\u00a0<strong>EMBALAJES SELECCI\u00d3N, S.A.,\u00a0<\/strong>en concepto de Responsable del Tratamiento, para gestionar y atender su solicitud, en base al consentimiento que debe otorgarnos de forma expresa en dicho correo, mediante el texto \u201cAUTORIZO EXPRESAMENTE TRATEN MIS DATOS PERSONALES INCLUIDOS EN EL PRESENTE CORREO PARA ATENDER LA SOLICITUD QUE REALIZO MEDIANTE EL MISMO\u201d; en el supuesto que no incluya dicho texto, no podremos gestionar su solicitud y o bien eliminaremos su correo o le solicitaremos su autorizaci\u00f3n para el tratamiento de sus datos por la misma v\u00eda (correo electr\u00f3nico). Si desea obtener m\u00e1s informaci\u00f3n sobre el tratamiento de sus datos personales, puede solicit\u00e1rnosla por correo electr\u00f3nico a la direcci\u00f3n\u00a0<a href=\"mailto:Leire@embalajesseleccion.com\">Leire@embalajesseleccion.com<\/a>.\u00a0<\/p><p><strong>RESTRICCI\u00d3N, BLOQUEO O ELIMINACI\u00d3N DE COOKIES YA INSTALADAS\u00a0<\/strong><\/p><p>\u2013 Puede restringir, bloquear o eliminar las cookies instaladas en su equipo mediante la configuraci\u00f3n de las opciones del navegador que tenga instalado en su equipo.\u00a0<\/p><p>\u2013 En caso que no permita la instalaci\u00f3n de cookies en su navegador, es posible que no pueda acceder a nuestras utilidades.\u00a0<\/p><p>\u2013 Si utiliza el navegador Internet Explorer, puede obtener informaci\u00f3n sobre c\u00f3mo bloquear o eliminar el uso de cookies en:\u00a0<a href=\"http:\/\/windows.microsoft.com\/es-xl\/internet-explorer\/delete-manage-cookies#ie=%22ie-\" target=\"_blank\" rel=\"noopener\">http:\/\/windows.microsoft.com\/es-xl\/internet-explorer\/delete-manage-cookies#ie=\u00bbie-<\/a><\/p><p>\u2013 Si utiliza el navegador Chrome, puede obtener informaci\u00f3n sobre c\u00f3mo bloquear o eliminar el uso de cookies en:\u00a0<a href=\"http:\/\/support.google.com\/chrome\/answer\/95647?hl=es\" target=\"_blank\" rel=\"noopener\">http:\/\/support.google.com\/chrome\/answer\/95647?hl=es<\/a><\/p><p>\u2013 Si utiliza el navegador Firefox, puede obtener informaci\u00f3n sobre c\u00f3mo bloquear o eliminar el uso de cookies en:<\/p><p><a href=\"http:\/\/support.mozilla.org\/es\/kb\/Borrar%20\" target=\"_blank\" rel=\"noopener\">http:\/\/support.mozilla.org\/es\/kb\/Borrar%20cookies<\/a><\/p>\t\t\t\t\t\t\t\t<\/div>\n\t\t\t\t<\/div>\n\t\t\t\t\t<\/div>\n\t\t\t\t<\/div>\n\t\t\t\t<\/div>\n\t\t","protected":false},"excerpt":{"rendered":"","protected":false},"author":1,"featured_media":0,"parent":0,"menu_order":0,"comment_status":"closed","ping_status":"closed","template":"","meta":{"_acf_changed":false,"footnotes":""},"class_list":["post-8371","page","type-page","status-publish","hentry"],"acf":[],"_links":{"self":[{"href":"https:\/\/embalajesseleccion.com\/en\/wp-json\/wp\/v2\/pages\/8371","targetHints":{"allow":["GET"]}}],"collection":[{"href":"https:\/\/embalajesseleccion.com\/en\/wp-json\/wp\/v2\/pages"}],"about":[{"href":"https:\/\/embalajesseleccion.com\/en\/wp-json\/wp\/v2\/types\/page"}],"author":[{"embeddable":true,"href":"https:\/\/embalajesseleccion.com\/en\/wp-json\/wp\/v2\/users\/1"}],"replies":[{"embeddable":true,"href":"https:\/\/embalajesseleccion.com\/en\/wp-json\/wp\/v2\/comments?post=8371"}],"version-history":[{"count":1,"href":"https:\/\/embalajesseleccion.com\/en\/wp-json\/wp\/v2\/pages\/8371\/revisions"}],"predecessor-version":[{"id":8743,"href":"https:\/\/embalajesseleccion.com\/en\/wp-json\/wp\/v2\/pages\/8371\/revisions\/8743"}],"wp:attachment":[{"href":"https:\/\/embalajesseleccion.com\/en\/wp-json\/wp\/v2\/media?parent=8371"}],"curies":[{"name":"wp","href":"https:\/\/api.w.org\/{rel}","templated":true}]}}