{"id":8369,"date":"2023-09-18T10:15:07","date_gmt":"2023-09-18T10:15:07","guid":{"rendered":"https:\/\/embalajesseleccion.com\/privacy-policy\/"},"modified":"2023-12-14T16:12:45","modified_gmt":"2023-12-14T16:12:45","slug":"privacy-policy","status":"publish","type":"page","link":"https:\/\/embalajesseleccion.com\/en\/privacy-policy\/","title":{"rendered":"Privacy Policy"},"content":{"rendered":"\t\t<div data-elementor-type=\"wp-page\" data-elementor-id=\"8369\" class=\"elementor elementor-8369\" data-elementor-post-type=\"page\">\n\t\t\t\t<div class=\"elementor-element elementor-element-4615f32 e-flex e-con-boxed e-con e-parent\" data-id=\"4615f32\" data-element_type=\"container\" data-e-type=\"container\">\n\t\t\t\t\t<div class=\"e-con-inner\">\n\t\t\t\t<div class=\"elementor-element elementor-element-27346ef elementor-widget elementor-widget-heading\" data-id=\"27346ef\" data-element_type=\"widget\" data-e-type=\"widget\" data-widget_type=\"heading.default\">\n\t\t\t\t<div class=\"elementor-widget-container\">\n\t\t\t\t\t<h2 class=\"elementor-heading-title elementor-size-default\">Pol\u00edtica de Privacidad e informaci\u00f3n sobre protecci\u00f3n de datos<\/h2>\t\t\t\t<\/div>\n\t\t\t\t<\/div>\n\t\t\t\t<div class=\"elementor-element elementor-element-47a815f elementor-widget elementor-widget-text-editor\" data-id=\"47a815f\" data-element_type=\"widget\" data-e-type=\"widget\" data-widget_type=\"text-editor.default\">\n\t\t\t\t<div class=\"elementor-widget-container\">\n\t\t\t\t\t\t\t\t\t<p>Embalajes Selecci\u00f3n, S.A., mantiene una pol\u00edtica de confidencialidad de los datos facilitados por los usuarios del mismo a trav\u00e9s de: internet, formularios en papel, comunicaci\u00f3n telef\u00f3nica o cualquier otro medio; Embalajes Selecci\u00f3n, S.A., se\u00a0 compromete a protegerlos, tanto en la recogida como en su tratamiento posterior, de acuerdo con lo establecido por la Ley Org\u00e1nica 15\/1999, de 13 de diciembre, de Protecci\u00f3n de Datos de Car\u00e1cter Personal (LOPD), por su Reglamento de desarrollo, aprobado por Real Decreto 1720\/2007, de 21 de diciembre (RLOPD), as\u00ed como por el Reglamento (UE) 2016\/679 del Parlamento Europeo y del Consejo de 27 de abril de 2016 relativo a la protecci\u00f3n de las personas f\u00edsicas en lo que respecta al tratamiento de datos personales y a la libre circulaci\u00f3n de estos datos (RGPD).<\/p><p>Embalajes Selecci\u00f3n, S.A., garantiza que utilizar\u00e1 confidencialmente los datos personales de los usuarios, as\u00ed como que se han adoptado las medidas de seguridad de car\u00e1cter t\u00e9cnico y organizativo oportunas en sus instalaciones, sistemas y ficheros, en los t\u00e9rminos establecidos por la LOPD, por el RLOPD y por el RGPD.<\/p><p>Embalajes Selecci\u00f3n, S.A., podr\u00e1 comunicar a las autoridades p\u00fablicas competentes los datos de car\u00e1cter personal as\u00ed como cualquier otra informaci\u00f3n que conste en sus archivos y\/o sistemas inform\u00e1ticos, cuando sea requerido para ello y siempre de conformidad con las disposiciones legales y reglamentarias correspondientes.<\/p><p>En cumplimiento de lo establecido por la LOPD, el RLOPD as\u00ed como por el RGPD, siempre que se soliciten datos de car\u00e1cter personal a un usuario del sitio web para ser tratados,\u00a0<u>previamente<\/u>\u00a0al tratamiento se le facilitar\u00e1 la siguiente informaci\u00f3n: identidad y datos de contacto del responsable del tratamiento, datos de contacto del Delegado de Protecci\u00f3n de Datos, finalidad para la que se obtienen los datos, plazos o criterios de conservaci\u00f3n de los datos, decisiones automatizadas, perfiles y l\u00f3gica aplicada, legitimaci\u00f3n o base jur\u00eddica del tratamiento as\u00ed como obligaci\u00f3n o no de facilitar los datos y de las consecuencias de no hacerlo en su caso, previsi\u00f3n o no de cesiones \u00f3 de transferencias a terceros pa\u00edses, procedencia de los datos y forma de ejercer los derechos que le corresponden y de los derechos que le corresponden en lo que respecta al tratamiento de sus datos personales. Para hacer compatible la mayor exigencia de informaci\u00f3n introducida por el RGPD y la concisi\u00f3n y comprensi\u00f3n en la forma de presentarla, se adopta por Embalajes Selecci\u00f3n, S.A., un modelo de informaci\u00f3n por capas o niveles que consiste en lo siguiente:<\/p><ul><li>Se presenta una informaci\u00f3n b\u00e1sica en un primer nivel, de forma resumida, en el mismo momento y en el mismo medio en que se recogen los datos;<\/li><li>Se remite a la informaci\u00f3n adicional en un segundo nivel, donde se presentar\u00e1n detalladamente el resto de las informaciones, en un medio m\u00e1s adecuado para su presentaci\u00f3n, comprensi\u00f3n y, si se desea, archivo. La informaci\u00f3n del segundo nivel se ofrece en nuestra p\u00e1gina web oficial: http:\/\/embalajesseleccion.com\/<\/li><\/ul><p>\u00a0<\/p><p>Embalajes Selecci\u00f3n, S.A., proporcionar\u00e1 al usuario los recursos t\u00e9cnicos adecuados para que\u00a0 pueda prestar el consentimiento informado previo al tratamiento de sus datos personales.<\/p><p>Los datos de car\u00e1cter personal que se faciliten por el interesado a Embalajes Selecci\u00f3n, S.A., por medio de internet, de formularios en papel, mediante comunicaci\u00f3n telef\u00f3nica as\u00ed como por cualquier otro medio,\u00a0 pasar\u00e1n a formar parte de los ficheros correspondientes -creados para la prestaci\u00f3n de sus servicios-\u00a0 titularidad de Embalajes Selecci\u00f3n, S.A., con CIF A29173994 y\u00a0 direcci\u00f3n en C\/ Nerja, 2 C.P 29620 Torremolinos (M\u00c1LAGA). La actividad desarrollada por Embalajes Selecci\u00f3n, S.A., es \u201cComercializaci\u00f3n de embalajes\u201d.<\/p><p>Embalajes Selecci\u00f3n, S.A., utilizar\u00e1 los datos de car\u00e1cter personal facilitados por el interesado\u00a0 con la finalidad de prestar los servicios que se le soliciten o de gestionar la petici\u00f3n o sugerencia\u00a0 realizada.<\/p><p>Los datos personales\u00a0 tratados por Embalajes Selecci\u00f3n, S.A., se conservar\u00e1n mientras sean necesarios para la prestaci\u00f3n del servicio solicitado o para la gesti\u00f3n de la petici\u00f3n o sugerencia\u00a0 realizada. Una vez hayan dejado de ser necesarios para la prestaci\u00f3n del servicio o gesti\u00f3n de la petici\u00f3n o sugerencia realizados, los datos personales ser\u00e1n cancelados, procediendo su bloqueo y posterior conservaci\u00f3n s\u00f3lo por razones legales vinculadas a la responsabilidad del responsable de los datos y durante el plazo de prescripci\u00f3n de \u00e9stas; cumplido este plazo, se proceder\u00e1 a la supresi\u00f3n de los mismos.<\/p><p>La legitimaci\u00f3n legal para el tratamiento de los datos de car\u00e1cter personal que se faciliten por el interesado a Embalajes Selecci\u00f3n, S.A., a trav\u00e9s de internet, formularios en papel, comunicaci\u00f3n telef\u00f3nica o cualquier otro medio, es el propio consentimiento del interesado, que se entiende prestado una vez los facilita tras ser informado al respecto mediante carteles y pegatinas expuestos en las instalaciones de uso p\u00fablico de Embalajes Selecci\u00f3n, S.A., mediante locuciones telef\u00f3nicas, en los propios formularios impresos as\u00ed como mediante la presente \u201cPol\u00edtica de Privacidad e informaci\u00f3n sobre protecci\u00f3n de datos\u201d \u00a0expuesta en la web oficial de Embalajes Selecci\u00f3n, S.A.,<\/p><p>El interesado \u00fanicamente estar\u00e1 obligado a facilitar los datos que sean precisos (si es que lo fueran)\u00a0 para atender a la petici\u00f3n o servicio solicitados. En el supuesto que el interesado realice una solicitud sin facilitar los datos que sean necesarios para atender a la misma, Embalajes Selecci\u00f3n, S.A., no podr\u00e1 gestionar dicha solicitud y quedar\u00e1 exento de cualquier responsabilidad al respecto.<\/p><p>Los datos personales de los usuarios tratados por Embalajes Selecci\u00f3n, S.A., no se ceder\u00e1n a terceros, salvo obligaci\u00f3n legal o autorizaci\u00f3n expresa y por escrito del interesado.<\/p><p>El usuario podr\u00e1 ejercer sus derechos de acceso, oposici\u00f3n, rectificaci\u00f3n, supresi\u00f3n o cancelaci\u00f3n de sus datos as\u00ed como solicitar la limitaci\u00f3n de su tratamiento, dirigiendo escrito firmado al responsable del fichero Embalajes Selecci\u00f3n, S.A.,, a trav\u00e9s del mail leire@embaajesseleccion.com o mediante correo postal dirigido al domicilio social de Embalajes Selecci\u00f3n, S.A., sito en C\/ Nerja, 2 C.P 29620 Torremolinos (M\u00c1LAGA)en el cual indicar\u00e1 como referencia \u201cEJERCICIO DERECHOS ARCO LOPD\u201d.<\/p><p>El escrito por el que se ejercite alguno de los derechos referenciados en el p\u00e1rrafo anterior deber\u00e1 contener: nombre y apellidos del interesado; fotocopia de su documento nacional de identidad, o de su pasaporte u otro documento v\u00e1lido que lo identifique y, en su caso, de la persona que lo represente, o instrumentos electr\u00f3nicos equivalentes; documento o instrumento electr\u00f3nico acreditativo de tal representaci\u00f3n. La utilizaci\u00f3n de firma electr\u00f3nica identificativa del solicitante exime de la presentaci\u00f3n de las fotocopias del DNI o documento equivalente.<\/p><p>El usuario tambi\u00e9n tiene derecho a presentar una reclamaci\u00f3n ante la Agencia Espa\u00f1ola de Protecci\u00f3n de Datos, a trav\u00e9s de la p\u00e1gina web oficial de la Agencia.<\/p><p>\u00a0<\/p>\t\t\t\t\t\t\t\t<\/div>\n\t\t\t\t<\/div>\n\t\t\t\t\t<\/div>\n\t\t\t\t<\/div>\n\t\t\t\t<\/div>\n\t\t","protected":false},"excerpt":{"rendered":"","protected":false},"author":1,"featured_media":0,"parent":0,"menu_order":0,"comment_status":"closed","ping_status":"closed","template":"","meta":{"_acf_changed":false,"footnotes":""},"class_list":["post-8369","page","type-page","status-publish","hentry"],"acf":[],"_links":{"self":[{"href":"https:\/\/embalajesseleccion.com\/en\/wp-json\/wp\/v2\/pages\/8369","targetHints":{"allow":["GET"]}}],"collection":[{"href":"https:\/\/embalajesseleccion.com\/en\/wp-json\/wp\/v2\/pages"}],"about":[{"href":"https:\/\/embalajesseleccion.com\/en\/wp-json\/wp\/v2\/types\/page"}],"author":[{"embeddable":true,"href":"https:\/\/embalajesseleccion.com\/en\/wp-json\/wp\/v2\/users\/1"}],"replies":[{"embeddable":true,"href":"https:\/\/embalajesseleccion.com\/en\/wp-json\/wp\/v2\/comments?post=8369"}],"version-history":[{"count":1,"href":"https:\/\/embalajesseleccion.com\/en\/wp-json\/wp\/v2\/pages\/8369\/revisions"}],"predecessor-version":[{"id":8745,"href":"https:\/\/embalajesseleccion.com\/en\/wp-json\/wp\/v2\/pages\/8369\/revisions\/8745"}],"wp:attachment":[{"href":"https:\/\/embalajesseleccion.com\/en\/wp-json\/wp\/v2\/media?parent=8369"}],"curies":[{"name":"wp","href":"https:\/\/api.w.org\/{rel}","templated":true}]}}